{"id":190,"date":"2025-09-02T21:33:13","date_gmt":"2025-09-03T02:33:13","guid":{"rendered":"http:\/\/localhost\/biblioteca\/?page_id=190"},"modified":"2025-09-18T09:30:54","modified_gmt":"2025-09-18T14:30:54","slug":"matematicas","status":"publish","type":"page","link":"https:\/\/feyalegria15.com\/mibiblioteca\/index.php\/matematicas\/","title":{"rendered":"Matem\u00e1ticas"},"content":{"rendered":"\t\t<div data-elementor-type=\"wp-page\" data-elementor-id=\"190\" class=\"elementor elementor-190\" data-elementor-post-type=\"page\">\n\t\t\t\t\t\t<section class=\"elementor-section elementor-top-section elementor-element elementor-element-11b9e903 elementor-section-content-middle elementor-section-boxed elementor-section-height-default elementor-section-height-default\" data-id=\"11b9e903\" data-element_type=\"section\" data-settings=\"{&quot;background_background&quot;:&quot;classic&quot;}\">\n\t\t\t\t\t\t<div class=\"elementor-container elementor-column-gap-default\">\n\t\t\t\t\t<div class=\"elementor-column elementor-col-33 elementor-top-column elementor-element elementor-element-7ede60e4\" data-id=\"7ede60e4\" data-element_type=\"column\">\n\t\t\t<div class=\"elementor-widget-wrap elementor-element-populated\">\n\t\t\t\t\t\t<div class=\"elementor-element elementor-element-64bfaa7d elementor-widget elementor-widget-heading\" data-id=\"64bfaa7d\" data-element_type=\"widget\" data-widget_type=\"heading.default\">\n\t\t\t\t\t<h2 class=\"elementor-heading-title elementor-size-default\">\ud83d\udcdaBiblioteca\u200b<\/h2>\t\t\t\t<\/div>\n\t\t\t\t\t<\/div>\n\t\t<\/div>\n\t\t\t\t<div class=\"elementor-column elementor-col-33 elementor-top-column elementor-element elementor-element-1b90af9f\" data-id=\"1b90af9f\" data-element_type=\"column\">\n\t\t\t<div class=\"elementor-widget-wrap elementor-element-populated\">\n\t\t\t\t\t\t<div class=\"elementor-element elementor-element-fe36212 elementor-nav-menu__align-end elementor-nav-menu--dropdown-tablet elementor-nav-menu__text-align-aside elementor-nav-menu--toggle elementor-nav-menu--burger elementor-widget elementor-widget-nav-menu\" data-id=\"fe36212\" data-element_type=\"widget\" data-settings=\"{&quot;layout&quot;:&quot;horizontal&quot;,&quot;submenu_icon&quot;:{&quot;value&quot;:&quot;&lt;svg class=\\&quot;e-font-icon-svg e-fas-caret-down\\&quot; viewBox=\\&quot;0 0 320 512\\&quot; xmlns=\\&quot;http:\\\/\\\/www.w3.org\\\/2000\\\/svg\\&quot;&gt;&lt;path d=\\&quot;M31.3 192h257.3c17.8 0 26.7 21.5 14.1 34.1L174.1 354.8c-7.8 7.8-20.5 7.8-28.3 0L17.2 226.1C4.6 213.5 13.5 192 31.3 192z\\&quot;&gt;&lt;\\\/path&gt;&lt;\\\/svg&gt;&quot;,&quot;library&quot;:&quot;fa-solid&quot;},&quot;toggle&quot;:&quot;burger&quot;}\" data-widget_type=\"nav-menu.default\">\n\t\t\t\t\t\t\t\t<nav aria-label=\"Menu\" class=\"elementor-nav-menu--main elementor-nav-menu__container elementor-nav-menu--layout-horizontal e--pointer-underline e--animation-fade\">\n\t\t\t\t<ul id=\"menu-1-fe36212\" class=\"elementor-nav-menu\"><li class=\"menu-item menu-item-type-post_type menu-item-object-page menu-item-home menu-item-221\"><a href=\"https:\/\/feyalegria15.com\/mibiblioteca\/\" class=\"elementor-item menu-link\">Inicio<\/a><\/li>\n<li class=\"menu-item menu-item-type-custom menu-item-object-custom menu-item-has-children menu-item-217\"><a aria-expanded=\"false\" href=\"https:\/\/feyalegria15.com\/mibiblioteca\/index.php\/#categorias\" class=\"elementor-item elementor-item-anchor menu-link\">Categor\u00edas<span role=\"application\" class=\"dropdown-menu-toggle ast-header-navigation-arrow\" tabindex=\"0\" aria-expanded=\"false\" aria-label=\"Menu Toggle\" aria-haspopup=\"true\"><\/span><\/a>\n<ul class=\"sub-menu elementor-nav-menu--dropdown\">\n\t<li class=\"menu-item menu-item-type-post_type menu-item-object-page menu-item-218\"><a href=\"https:\/\/feyalegria15.com\/mibiblioteca\/index.php\/matematicas\/\" class=\"elementor-sub-item menu-link\">Matem\u00e1ticas<\/a><\/li>\n\t<li class=\"menu-item menu-item-type-post_type menu-item-object-page menu-item-219\"><a href=\"https:\/\/feyalegria15.com\/mibiblioteca\/index.php\/infantil\/\" class=\"elementor-sub-item menu-link\">Infantil<\/a><\/li>\n\t<li class=\"menu-item menu-item-type-post_type menu-item-object-page menu-item-220\"><a href=\"https:\/\/feyalegria15.com\/mibiblioteca\/index.php\/terror\/\" class=\"elementor-sub-item menu-link\">Terror<\/a><\/li>\n\t<li class=\"menu-item menu-item-type-post_type menu-item-object-page menu-item-400\"><a href=\"https:\/\/feyalegria15.com\/mibiblioteca\/index.php\/comics\/\" class=\"elementor-sub-item menu-link\">comics<\/a><\/li>\n\t<li class=\"menu-item menu-item-type-post_type menu-item-object-page menu-item-401\"><a href=\"https:\/\/feyalegria15.com\/mibiblioteca\/index.php\/obras-literarias\/\" class=\"elementor-sub-item menu-link\">Obras literarias<\/a><\/li>\n\t<li class=\"menu-item menu-item-type-post_type menu-item-object-page menu-item-402\"><a href=\"https:\/\/feyalegria15.com\/mibiblioteca\/index.php\/computacion\/\" class=\"elementor-sub-item menu-link\">Computaci\u00f3n<\/a><\/li>\n\t<li class=\"menu-item menu-item-type-post_type menu-item-object-page menu-item-403\"><a href=\"https:\/\/feyalegria15.com\/mibiblioteca\/index.php\/obras-peruanas\/\" class=\"elementor-sub-item menu-link\">Obras Peruanas<\/a><\/li>\n\t<li class=\"menu-item menu-item-type-post_type menu-item-object-page menu-item-404\"><a href=\"https:\/\/feyalegria15.com\/mibiblioteca\/index.php\/romance\/\" class=\"elementor-sub-item menu-link\">Romance\u200b<\/a><\/li>\n<\/ul>\n<\/li>\n<\/ul>\t\t\t<\/nav>\n\t\t\t\t\t<div class=\"elementor-menu-toggle\" role=\"button\" tabindex=\"0\" aria-label=\"Menu Toggle\" aria-expanded=\"false\">\n\t\t\t<svg aria-hidden=\"true\" role=\"presentation\" class=\"elementor-menu-toggle__icon--open e-font-icon-svg e-eicon-menu-bar\" viewBox=\"0 0 1000 1000\" xmlns=\"http:\/\/www.w3.org\/2000\/svg\"><path d=\"M104 333H896C929 333 958 304 958 271S929 208 896 208H104C71 208 42 237 42 271S71 333 104 333ZM104 583H896C929 583 958 554 958 521S929 458 896 458H104C71 458 42 487 42 521S71 583 104 583ZM104 833H896C929 833 958 804 958 771S929 708 896 708H104C71 708 42 737 42 771S71 833 104 833Z\"><\/path><\/svg><svg aria-hidden=\"true\" role=\"presentation\" class=\"elementor-menu-toggle__icon--close e-font-icon-svg e-eicon-close\" viewBox=\"0 0 1000 1000\" xmlns=\"http:\/\/www.w3.org\/2000\/svg\"><path d=\"M742 167L500 408 258 167C246 154 233 150 217 150 196 150 179 158 167 167 154 179 150 196 150 212 150 229 154 242 171 254L408 500 167 742C138 771 138 800 167 829 196 858 225 858 254 829L496 587 738 829C750 842 767 846 783 846 800 846 817 842 829 829 842 817 846 804 846 783 846 767 842 750 829 737L588 500 833 258C863 229 863 200 833 171 804 137 775 137 742 167Z\"><\/path><\/svg>\t\t<\/div>\n\t\t\t\t\t<nav class=\"elementor-nav-menu--dropdown elementor-nav-menu__container\" aria-hidden=\"true\">\n\t\t\t\t<ul id=\"menu-2-fe36212\" class=\"elementor-nav-menu\"><li class=\"menu-item menu-item-type-post_type menu-item-object-page menu-item-home menu-item-221\"><a href=\"https:\/\/feyalegria15.com\/mibiblioteca\/\" class=\"elementor-item menu-link\" tabindex=\"-1\">Inicio<\/a><\/li>\n<li class=\"menu-item menu-item-type-custom menu-item-object-custom menu-item-has-children menu-item-217\"><a aria-expanded=\"false\" href=\"https:\/\/feyalegria15.com\/mibiblioteca\/index.php\/#categorias\" class=\"elementor-item elementor-item-anchor menu-link\" tabindex=\"-1\">Categor\u00edas<span role=\"application\" class=\"dropdown-menu-toggle ast-header-navigation-arrow\" tabindex=\"0\" aria-expanded=\"false\" aria-label=\"Menu Toggle\" aria-haspopup=\"true\"><\/span><\/a>\n<ul class=\"sub-menu elementor-nav-menu--dropdown\">\n\t<li class=\"menu-item menu-item-type-post_type menu-item-object-page menu-item-218\"><a href=\"https:\/\/feyalegria15.com\/mibiblioteca\/index.php\/matematicas\/\" class=\"elementor-sub-item menu-link\" tabindex=\"-1\">Matem\u00e1ticas<\/a><\/li>\n\t<li class=\"menu-item menu-item-type-post_type menu-item-object-page menu-item-219\"><a href=\"https:\/\/feyalegria15.com\/mibiblioteca\/index.php\/infantil\/\" class=\"elementor-sub-item menu-link\" tabindex=\"-1\">Infantil<\/a><\/li>\n\t<li class=\"menu-item menu-item-type-post_type menu-item-object-page menu-item-220\"><a href=\"https:\/\/feyalegria15.com\/mibiblioteca\/index.php\/terror\/\" class=\"elementor-sub-item menu-link\" tabindex=\"-1\">Terror<\/a><\/li>\n\t<li class=\"menu-item menu-item-type-post_type menu-item-object-page menu-item-400\"><a href=\"https:\/\/feyalegria15.com\/mibiblioteca\/index.php\/comics\/\" class=\"elementor-sub-item menu-link\" tabindex=\"-1\">comics<\/a><\/li>\n\t<li class=\"menu-item menu-item-type-post_type menu-item-object-page menu-item-401\"><a href=\"https:\/\/feyalegria15.com\/mibiblioteca\/index.php\/obras-literarias\/\" class=\"elementor-sub-item menu-link\" tabindex=\"-1\">Obras literarias<\/a><\/li>\n\t<li class=\"menu-item menu-item-type-post_type menu-item-object-page menu-item-402\"><a href=\"https:\/\/feyalegria15.com\/mibiblioteca\/index.php\/computacion\/\" class=\"elementor-sub-item menu-link\" tabindex=\"-1\">Computaci\u00f3n<\/a><\/li>\n\t<li class=\"menu-item menu-item-type-post_type menu-item-object-page menu-item-403\"><a href=\"https:\/\/feyalegria15.com\/mibiblioteca\/index.php\/obras-peruanas\/\" class=\"elementor-sub-item menu-link\" tabindex=\"-1\">Obras Peruanas<\/a><\/li>\n\t<li class=\"menu-item menu-item-type-post_type menu-item-object-page menu-item-404\"><a href=\"https:\/\/feyalegria15.com\/mibiblioteca\/index.php\/romance\/\" class=\"elementor-sub-item menu-link\" tabindex=\"-1\">Romance\u200b<\/a><\/li>\n<\/ul>\n<\/li>\n<\/ul>\t\t\t<\/nav>\n\t\t\t\t\t\t<\/div>\n\t\t\t\t\t<\/div>\n\t\t<\/div>\n\t\t\t\t<div class=\"elementor-column elementor-col-33 elementor-top-column elementor-element elementor-element-40759c9c\" data-id=\"40759c9c\" data-element_type=\"column\">\n\t\t\t<div class=\"elementor-widget-wrap\">\n\t\t\t\t\t\t\t<\/div>\n\t\t<\/div>\n\t\t\t\t\t<\/div>\n\t\t<\/section>\n\t\t\t\t<section class=\"elementor-section elementor-top-section elementor-element elementor-element-2ac985d3 elementor-section-content-middle elementor-section-boxed elementor-section-height-default elementor-section-height-default\" data-id=\"2ac985d3\" data-element_type=\"section\" data-settings=\"{&quot;background_background&quot;:&quot;gradient&quot;}\">\n\t\t\t\t\t\t<div class=\"elementor-container elementor-column-gap-wider\">\n\t\t\t\t\t<div class=\"elementor-column elementor-col-50 elementor-top-column elementor-element elementor-element-7665e9ab\" data-id=\"7665e9ab\" data-element_type=\"column\">\n\t\t\t<div class=\"elementor-widget-wrap elementor-element-populated\">\n\t\t\t\t\t\t<div class=\"elementor-element elementor-element-555db1de elementor-widget elementor-widget-image\" data-id=\"555db1de\" data-element_type=\"widget\" data-widget_type=\"image.default\">\n\t\t\t\t\t\t\t\t\t\t\t\t\t\t\t<img fetchpriority=\"high\" decoding=\"async\" width=\"285\" height=\"177\" src=\"https:\/\/feyalegria15.com\/mibiblioteca\/wp-content\/uploads\/2025\/09\/mate.jpg\" class=\"attachment-full size-full wp-image-71\" alt=\"\" \/>\t\t\t\t\t\t\t\t\t\t\t\t\t\t\t<\/div>\n\t\t\t\t\t<\/div>\n\t\t<\/div>\n\t\t\t\t<div class=\"elementor-column elementor-col-50 elementor-top-column elementor-element elementor-element-54504721\" data-id=\"54504721\" data-element_type=\"column\">\n\t\t\t<div class=\"elementor-widget-wrap elementor-element-populated\">\n\t\t\t\t\t\t<div class=\"elementor-element elementor-element-21a9e104 elementor-widget elementor-widget-heading\" data-id=\"21a9e104\" data-element_type=\"widget\" data-widget_type=\"heading.default\">\n\t\t\t\t\t<h1 class=\"elementor-heading-title elementor-size-default\">Matem\u00e1ticas<\/h1>\t\t\t\t<\/div>\n\t\t\t\t<div class=\"elementor-element elementor-element-7959d460 elementor-widget elementor-widget-text-editor\" data-id=\"7959d460\" data-element_type=\"widget\" data-widget_type=\"text-editor.default\">\n\t\t\t\t\t\t\t\t\t<p>En esta secci\u00f3n encontrar\u00e1s una amplia colecci\u00f3n de recursos dedicados al estudio de las matem\u00e1ticas, desde sus fundamentos hasta niveles avanzados. Incluye libros, art\u00edculos, gu\u00edas y materiales interactivos que abarcan temas como aritm\u00e9tica, \u00e1lgebra, geometr\u00eda, c\u00e1lculo, estad\u00edstica, probabilidad, l\u00f3gica matem\u00e1tica y m\u00e1s.<\/p>\t\t\t\t\t\t\t\t<\/div>\n\t\t\t\t\t<\/div>\n\t\t<\/div>\n\t\t\t\t\t<\/div>\n\t\t<\/section>\n\t\t\t\t<section class=\"elementor-section elementor-top-section elementor-element elementor-element-23f3cf05 elementor-section-boxed elementor-section-height-default elementor-section-height-default\" data-id=\"23f3cf05\" data-element_type=\"section\">\n\t\t\t\t\t\t<div class=\"elementor-container elementor-column-gap-default\">\n\t\t\t\t\t<div class=\"elementor-column elementor-col-100 elementor-top-column elementor-element elementor-element-7dfa59b3\" data-id=\"7dfa59b3\" data-element_type=\"column\">\n\t\t\t<div class=\"elementor-widget-wrap elementor-element-populated\">\n\t\t\t\t\t\t<div class=\"elementor-element elementor-element-5f6a808a elementor-widget elementor-widget-heading\" data-id=\"5f6a808a\" data-element_type=\"widget\" data-widget_type=\"heading.default\">\n\t\t\t\t\t<h2 class=\"elementor-heading-title elementor-size-default\">Contenido <\/h2>\t\t\t\t<\/div>\n\t\t\t\t\t<\/div>\n\t\t<\/div>\n\t\t\t\t\t<\/div>\n\t\t<\/section>\n\t\t\t\t<section class=\"elementor-section elementor-top-section elementor-element elementor-element-171e5bef elementor-section-boxed elementor-section-height-default elementor-section-height-default\" data-id=\"171e5bef\" data-element_type=\"section\">\n\t\t\t\t\t\t<div class=\"elementor-container elementor-column-gap-wider\">\n\t\t\t\t\t<div class=\"elementor-column elementor-col-33 elementor-top-column elementor-element elementor-element-590c6ec animated-slow elementor-invisible\" data-id=\"590c6ec\" data-element_type=\"column\" data-settings=\"{&quot;background_background&quot;:&quot;classic&quot;,&quot;animation&quot;:&quot;fadeIn&quot;}\">\n\t\t\t<div class=\"elementor-widget-wrap elementor-element-populated\">\n\t\t\t\t\t\t<div class=\"elementor-element elementor-element-7d262e38 elementor-widget elementor-widget-image\" data-id=\"7d262e38\" data-element_type=\"widget\" data-widget_type=\"image.default\">\n\t\t\t\t\t\t\t\t\t\t\t\t\t\t\t\t<a href=\"#\">\n\t\t\t\t\t\t\t<img decoding=\"async\" width=\"250\" height=\"382\" src=\"https:\/\/feyalegria15.com\/mibiblioteca\/wp-content\/uploads\/2025\/09\/mate-magia.jpg\" class=\"elementor-animation-grow attachment-large size-large wp-image-192\" alt=\"\" \/>\t\t\t\t\t\t\t\t<\/a>\n\t\t\t\t\t\t\t\t\t\t\t\t\t\t\t<\/div>\n\t\t\t\t<div class=\"elementor-element elementor-element-ac033e4 elementor-widget elementor-widget-heading\" data-id=\"ac033e4\" data-element_type=\"widget\" data-widget_type=\"heading.default\">\n\t\t\t\t\t<h2 class=\"elementor-heading-title elementor-size-default\"><a href=\"http:\/\/localhost\/biblioteca\/index.php\/2025\/09\/02\/matemagia-2\/\">Matemagia <\/a><\/h2>\t\t\t\t<\/div>\n\t\t\t\t\t<\/div>\n\t\t<\/div>\n\t\t\t\t<div class=\"elementor-column elementor-col-33 elementor-top-column elementor-element elementor-element-31a68754 animated-slow elementor-invisible\" data-id=\"31a68754\" data-element_type=\"column\" data-settings=\"{&quot;background_background&quot;:&quot;classic&quot;,&quot;animation&quot;:&quot;fadeIn&quot;}\">\n\t\t\t<div class=\"elementor-widget-wrap elementor-element-populated\">\n\t\t\t\t\t\t<div class=\"elementor-element elementor-element-5d8e9b92 elementor-widget elementor-widget-image\" data-id=\"5d8e9b92\" data-element_type=\"widget\" data-widget_type=\"image.default\">\n\t\t\t\t\t\t\t\t\t\t\t\t\t\t\t\t<a href=\"#\">\n\t\t\t\t\t\t\t<img decoding=\"async\" width=\"184\" height=\"273\" src=\"https:\/\/feyalegria15.com\/mibiblioteca\/wp-content\/uploads\/2025\/09\/images-2.jpg\" class=\"elementor-animation-grow attachment-large size-large wp-image-193\" alt=\"\" \/>\t\t\t\t\t\t\t\t<\/a>\n\t\t\t\t\t\t\t\t\t\t\t\t\t\t\t<\/div>\n\t\t\t\t<div class=\"elementor-element elementor-element-30977b56 elementor-widget elementor-widget-heading\" data-id=\"30977b56\" data-element_type=\"widget\" data-widget_type=\"heading.default\">\n\t\t\t\t\t<h2 class=\"elementor-heading-title elementor-size-default\"><a href=\"#\">Malditas matem\u00e1ticas <\/a><\/h2>\t\t\t\t<\/div>\n\t\t\t\t\t<\/div>\n\t\t<\/div>\n\t\t\t\t<div class=\"elementor-column elementor-col-33 elementor-top-column elementor-element elementor-element-1f913ec animated-slow elementor-invisible\" data-id=\"1f913ec\" data-element_type=\"column\" data-settings=\"{&quot;background_background&quot;:&quot;classic&quot;,&quot;animation&quot;:&quot;fadeIn&quot;}\">\n\t\t\t<div class=\"elementor-widget-wrap elementor-element-populated\">\n\t\t\t\t\t\t<div class=\"elementor-element elementor-element-27e6e199 elementor-widget elementor-widget-image\" data-id=\"27e6e199\" data-element_type=\"widget\" data-widget_type=\"image.default\">\n\t\t\t\t\t\t\t\t\t\t\t\t\t\t\t\t<a href=\"#\">\n\t\t\t\t\t\t\t<img loading=\"lazy\" decoding=\"async\" width=\"181\" height=\"278\" src=\"https:\/\/feyalegria15.com\/mibiblioteca\/wp-content\/uploads\/2025\/09\/images-3.jpg\" class=\"elementor-animation-grow attachment-large size-large wp-image-194\" alt=\"\" \/>\t\t\t\t\t\t\t\t<\/a>\n\t\t\t\t\t\t\t\t\t\t\t\t\t\t\t<\/div>\n\t\t\t\t<div class=\"elementor-element elementor-element-221917a1 elementor-widget elementor-widget-heading\" data-id=\"221917a1\" data-element_type=\"widget\" data-widget_type=\"heading.default\">\n\t\t\t\t\t<h2 class=\"elementor-heading-title elementor-size-default\"><a href=\"#\">El diablo de los n\u00fameros <\/a><\/h2>\t\t\t\t<\/div>\n\t\t\t\t\t<\/div>\n\t\t<\/div>\n\t\t\t\t\t<\/div>\n\t\t<\/section>\n\t\t\t\t<\/div>\n\t\t","protected":false},"excerpt":{"rendered":"<p>\ud83d\udcdaBiblioteca\u200b Matem\u00e1ticas En esta secci\u00f3n encontrar\u00e1s una amplia colecci\u00f3n de recursos dedicados al estudio de las matem\u00e1ticas, desde sus fundamentos [&hellip;]<\/p>\n","protected":false},"author":1,"featured_media":0,"parent":0,"menu_order":0,"comment_status":"closed","ping_status":"closed","template":"elementor_canvas","meta":{"site-sidebar-layout":"no-sidebar","site-content-layout":"","ast-site-content-layout":"full-width-container","site-content-style":"default","site-sidebar-style":"default","ast-global-header-display":"","ast-banner-title-visibility":"","ast-main-header-display":"","ast-hfb-above-header-display":"","ast-hfb-below-header-display":"","ast-hfb-mobile-header-display":"","site-post-title":"disabled","ast-breadcrumbs-content":"","ast-featured-img":"disabled","footer-sml-layout":"","theme-transparent-header-meta":"","adv-header-id-meta":"","stick-header-meta":"","header-above-stick-meta":"","header-main-stick-meta":"","header-below-stick-meta":"","astra-migrate-meta-layouts":"default","ast-page-background-enabled":"default","ast-page-background-meta":{"desktop":{"background-color":"var(--ast-global-color-5)","background-image":"","background-repeat":"repeat","background-position":"center center","background-size":"auto","background-attachment":"scroll","background-type":"","background-media":"","overlay-type":"","overlay-color":"","overlay-opacity":"","overlay-gradient":""},"tablet":{"background-color":"","background-image":"","background-repeat":"repeat","background-position":"center center","background-size":"auto","background-attachment":"scroll","background-type":"","background-media":"","overlay-type":"","overlay-color":"","overlay-opacity":"","overlay-gradient":""},"mobile":{"background-color":"","background-image":"","background-repeat":"repeat","background-position":"center center","background-size":"auto","background-attachment":"scroll","background-type":"","background-media":"","overlay-type":"","overlay-color":"","overlay-opacity":"","overlay-gradient":""}},"ast-content-background-meta":{"desktop":{"background-color":"var(--ast-global-color-4)","background-image":"","background-repeat":"repeat","background-position":"center center","background-size":"auto","background-attachment":"scroll","background-type":"","background-media":"","overlay-type":"","overlay-color":"","overlay-opacity":"","overlay-gradient":""},"tablet":{"background-color":"var(--ast-global-color-4)","background-image":"","background-repeat":"repeat","background-position":"center center","background-size":"auto","background-attachment":"scroll","background-type":"","background-media":"","overlay-type":"","overlay-color":"","overlay-opacity":"","overlay-gradient":""},"mobile":{"background-color":"var(--ast-global-color-4)","background-image":"","background-repeat":"repeat","background-position":"center center","background-size":"auto","background-attachment":"scroll","background-type":"","background-media":"","overlay-type":"","overlay-color":"","overlay-opacity":"","overlay-gradient":""}},"footnotes":""},"class_list":["post-190","page","type-page","status-publish","hentry"],"_links":{"self":[{"href":"https:\/\/feyalegria15.com\/mibiblioteca\/index.php\/wp-json\/wp\/v2\/pages\/190","targetHints":{"allow":["GET"]}}],"collection":[{"href":"https:\/\/feyalegria15.com\/mibiblioteca\/index.php\/wp-json\/wp\/v2\/pages"}],"about":[{"href":"https:\/\/feyalegria15.com\/mibiblioteca\/index.php\/wp-json\/wp\/v2\/types\/page"}],"author":[{"embeddable":true,"href":"https:\/\/feyalegria15.com\/mibiblioteca\/index.php\/wp-json\/wp\/v2\/users\/1"}],"replies":[{"embeddable":true,"href":"https:\/\/feyalegria15.com\/mibiblioteca\/index.php\/wp-json\/wp\/v2\/comments?post=190"}],"version-history":[{"count":19,"href":"https:\/\/feyalegria15.com\/mibiblioteca\/index.php\/wp-json\/wp\/v2\/pages\/190\/revisions"}],"predecessor-version":[{"id":363,"href":"https:\/\/feyalegria15.com\/mibiblioteca\/index.php\/wp-json\/wp\/v2\/pages\/190\/revisions\/363"}],"wp:attachment":[{"href":"https:\/\/feyalegria15.com\/mibiblioteca\/index.php\/wp-json\/wp\/v2\/media?parent=190"}],"curies":[{"name":"wp","href":"https:\/\/api.w.org\/{rel}","templated":true}]}}